{"id":14,"date":"2025-12-16T21:26:43","date_gmt":"2025-12-16T20:26:43","guid":{"rendered":"https:\/\/www.hotelcasamestiza.com\/?page_id=14"},"modified":"2026-02-12T00:16:37","modified_gmt":"2026-02-11T23:16:37","slug":"inicio","status":"publish","type":"page","link":"https:\/\/www.hotelcasamestiza.com\/","title":{"rendered":"Inicio"},"content":{"rendered":"\t\t<div data-elementor-type=\"wp-page\" data-elementor-id=\"14\" class=\"elementor elementor-14\" data-elementor-post-type=\"page\">\n\t\t\t\t<div class=\"elementor-element elementor-element-1499744 e-flex e-con-boxed wpr-particle-no wpr-jarallax-no wpr-parallax-no wpr-sticky-section-no wpr-equal-height-no e-con e-parent\" data-id=\"1499744\" data-element_type=\"container\" data-e-type=\"container\">\n\t\t\t\t\t<div class=\"e-con-inner\">\n\t\t\t\t<div class=\"elementor-element elementor-element-46b3ed8 elementor-widget elementor-widget-slider_revolution\" data-id=\"46b3ed8\" data-element_type=\"widget\" data-e-type=\"widget\" data-widget_type=\"slider_revolution.default\">\n\t\t\t\t\t\n\t\t<div class=\"wp-block-themepunch-revslider\">\n\t\t\t\t<p class=\"rs-p-wp-fix\"><\/p>\n\t\t\t\t<sr7-module data-alias=\"slider-11-1\" data-id=\"4\" id=\"SR7_4_1\" class=\"rs-ov-hidden\" data-version=\"6.7.40\">\n\t\t\t\t\t<sr7-adjuster><\/sr7-adjuster>\n\t\t\t\t\t<sr7-content>\n\t\t\t\t\t\t<sr7-slide id=\"SR7_4_1-10\" data-key=\"10\">\n\t\t\t\t\t\t\t<sr7-bg id=\"SR7_4_1-10-15\" class=\"sr7-layer\"><noscript><img decoding=\"async\" src=\"https:\/\/www.hotelcasamestiza.com\/wp-content\/uploads\/2026\/04\/IMG_9848-scaled.jpg\" alt=\"\" title=\"IMG_9848\"><\/noscript><\/sr7-bg>\n\t\t\t\t\t\t<\/sr7-slide>\n\t\t\t\t\t\t<sr7-slide id=\"SR7_4_1-11\" data-key=\"11\">\n\t\t\t\t\t\t\t<sr7-bg id=\"SR7_4_1-11-15\" class=\"sr7-layer\"><noscript><img decoding=\"async\" src=\"https:\/\/www.hotelcasamestiza.com\/wp-content\/uploads\/2026\/04\/IMG_9938-scaled.jpg\" alt=\"\" title=\"IMG_9938\"><\/noscript><\/sr7-bg>\n\t\t\t\t\t\t<\/sr7-slide>\n\t\t\t\t\t\t<sr7-slide id=\"SR7_4_1-17\" data-key=\"17\">\n\t\t\t\t\t\t\t<sr7-bg id=\"SR7_4_1-17-15\" class=\"sr7-layer\"><noscript><img decoding=\"async\" src=\"https:\/\/www.hotelcasamestiza.com\/wp-content\/uploads\/2026\/04\/IMG_9825-scaled.jpg\" alt=\"\" title=\"IMG_9825\"><\/noscript><\/sr7-bg>\n\t\t\t\t\t\t<\/sr7-slide>\n\t\t\t\t\t\t<sr7-slide id=\"SR7_4_1-18\" data-key=\"18\">\n\t\t\t\t\t\t\t<sr7-bg id=\"SR7_4_1-18-15\" class=\"sr7-layer\"><noscript><img decoding=\"async\" src=\"https:\/\/www.hotelcasamestiza.com\/wp-content\/uploads\/2026\/04\/1000642277-scaled.jpg\" alt=\"\" title=\"1000642277\"><\/noscript><\/sr7-bg>\n\t\t\t\t\t\t<\/sr7-slide>\n\t\t\t\t\t\t<sr7-slide id=\"SR7_4_1-14\" data-key=\"14\">\n\t\t\t\t\t\t<\/sr7-slide>\n\t\t\t\t\t<\/sr7-content>\n\t\t\t\t\t<image_lists style=\"display:none\">\n\t\t\t\t\t\t<img data-src=\"\/\/www.hotelcasamestiza.com\/wp-content\/uploads\/2026\/04\/IMG_9848-scaled.jpg\" data-libid=\"655\" data-lib=\"medialibrary\" title=\"IMG_9848\" width=\"0\" height=\"0\" data-dbsrc=\"Ly93d3cuaG90ZWxjYXNhbWVzdGl6YS5jb20vd3AtY29udGVudC91cGxvYWRzLzIwMjYvMDQvSU1HXzk4NDgtc2NhbGVkLmpwZw==\"\/>\n\t\t\t\t\t\t<img data-src=\"\/\/www.hotelcasamestiza.com\/wp-content\/uploads\/2026\/04\/IMG_9938-scaled.jpg\" data-libid=\"667\" data-lib=\"medialibrary\" title=\"IMG_9938\" width=\"0\" height=\"0\" data-dbsrc=\"Ly93d3cuaG90ZWxjYXNhbWVzdGl6YS5jb20vd3AtY29udGVudC91cGxvYWRzLzIwMjYvMDQvSU1HXzk5Mzgtc2NhbGVkLmpwZw==\"\/>\n\t\t\t\t\t\t<img data-src=\"\/\/www.hotelcasamestiza.com\/wp-content\/uploads\/2026\/04\/IMG_9825-scaled.jpg\" data-libid=\"650\" data-lib=\"medialibrary\" title=\"IMG_9825\" width=\"0\" height=\"0\" data-dbsrc=\"Ly93d3cuaG90ZWxjYXNhbWVzdGl6YS5jb20vd3AtY29udGVudC91cGxvYWRzLzIwMjYvMDQvSU1HXzk4MjUtc2NhbGVkLmpwZw==\"\/>\n\t\t\t\t\t\t<img loading=\"lazy\" data-src=\"\/\/www.hotelcasamestiza.com\/wp-content\/uploads\/2026\/04\/1000642277-scaled.jpg\" data-libid=\"627\" data-lib=\"medialibrary\" title=\"1000642277\" width=\"0\" height=\"0\" data-dbsrc=\"Ly93d3cuaG90ZWxjYXNhbWVzdGl6YS5jb20vd3AtY29udGVudC91cGxvYWRzLzIwMjYvMDQvMTAwMDY0MjI3Ny1zY2FsZWQuanBn\"\/>\n\t\t\t\t\t<\/image_lists>\n\t\t\t\t<\/sr7-module>\n\t\t\t\t<script>\n\t\t\t\t\tSR7.PMH ??={}; SR7.PMH[\"SR7_4_1\"] = {cn:100,state:false,fn: function() { if (_tpt!==undefined && _tpt.prepareModuleHeight !== undefined) {  _tpt.prepareModuleHeight({id:\"SR7_4_1\",el:[890,890,620,500,480],type:'standard',shdw:'0',gh:[890,890,620,500,480],gw:[1720,1720,1024,778,480],vpt:['-100px&#039;,&#039;-100px&#039;,&#039;-100px&#039;,&#039;-100px&#039;,&#039;-100px'],size:{fullWidth:true, fullHeight:false},mh:'0',onh:0,onw:0,bg:{color:'{\"orig\":\"transparent\",\"type\":\"solid\",\"string\":\"transparent\"}'},plType:'0',plColor:'#FFFFFF'});   SR7.PMH[\"SR7_4_1\"].state=true;} else if(SR7.PMH[\"SR7_4_1\"].cn-->0)\tsetTimeout( SR7.PMH[\"SR7_4_1\"].fn,19);}};SR7.PMH[\"SR7_4_1\" ].fn();\n\t\t\t\t<\/script>\n<\/div>\n\n\t\t\t\t\t\t<\/div>\n\t\t\t\t\t<\/div>\n\t\t\t\t<\/div>\n\t\t<div class=\"elementor-element elementor-element-e3ece0b e-flex e-con-boxed wpr-particle-no wpr-jarallax-no wpr-parallax-no wpr-sticky-section-no wpr-equal-height-no e-con e-parent\" data-id=\"e3ece0b\" data-element_type=\"container\" data-e-type=\"container\">\n\t\t\t\t\t<div class=\"e-con-inner\">\n\t\t<div class=\"elementor-element elementor-element-34bdd53 e-con-full e-flex wpr-particle-no wpr-jarallax-no wpr-parallax-no wpr-sticky-section-no wpr-equal-height-no e-con e-child\" data-id=\"34bdd53\" data-element_type=\"container\" data-e-type=\"container\" data-settings=\"{&quot;background_background&quot;:&quot;classic&quot;}\">\n\t\t\t\t<\/div>\n\t\t<div class=\"elementor-element elementor-element-95fe1b3 e-con-full e-flex wpr-particle-no wpr-jarallax-no wpr-parallax-no wpr-sticky-section-no wpr-equal-height-no e-con e-child\" data-id=\"95fe1b3\" data-element_type=\"container\" data-e-type=\"container\">\n\t\t\t\t<div class=\"elementor-element elementor-element-87842e1 elementor-widget elementor-widget-spacer\" data-id=\"87842e1\" data-element_type=\"widget\" data-e-type=\"widget\" data-widget_type=\"spacer.default\">\n\t\t\t\t\t\t\t<div class=\"elementor-spacer\">\n\t\t\t<div class=\"elementor-spacer-inner\"><\/div>\n\t\t<\/div>\n\t\t\t\t\t\t<\/div>\n\t\t\t\t<div class=\"elementor-element elementor-element-1942063 elementor-widget elementor-widget-text-editor\" data-id=\"1942063\" data-element_type=\"widget\" data-e-type=\"widget\" data-widget_type=\"text-editor.default\">\n\t\t\t\t\t\t\t\t\t<p>Enclavada en el vibrante barrio de Sta. Teresita una casona de mediados del siglo pasado de nacimiento a \u00abHotel Casa Mestiza\u00bb<\/p>\t\t\t\t\t\t\t\t<\/div>\n\t\t\t\t<div class=\"elementor-element elementor-element-1347077 elementor-widget elementor-widget-spacer\" data-id=\"1347077\" data-element_type=\"widget\" data-e-type=\"widget\" data-widget_type=\"spacer.default\">\n\t\t\t\t\t\t\t<div class=\"elementor-spacer\">\n\t\t\t<div class=\"elementor-spacer-inner\"><\/div>\n\t\t<\/div>\n\t\t\t\t\t\t<\/div>\n\t\t\t\t<\/div>\n\t\t\t\t\t<\/div>\n\t\t\t\t<\/div>\n\t\t<div class=\"elementor-element elementor-element-e4125bf e-flex e-con-boxed wpr-particle-no wpr-jarallax-no wpr-parallax-no wpr-sticky-section-no wpr-equal-height-no e-con e-parent\" data-id=\"e4125bf\" data-element_type=\"container\" data-e-type=\"container\">\n\t\t\t\t\t<div class=\"e-con-inner\">\n\t\t<div class=\"elementor-element elementor-element-38b8754 e-con-full e-flex wpr-particle-no wpr-jarallax-no wpr-parallax-no wpr-sticky-section-no wpr-equal-height-no e-con e-child\" data-id=\"38b8754\" data-element_type=\"container\" data-e-type=\"container\">\n\t\t\t\t<div class=\"elementor-element elementor-element-fd83510 elementor-widget elementor-widget-text-editor\" data-id=\"fd83510\" data-element_type=\"widget\" data-e-type=\"widget\" data-widget_type=\"text-editor.default\">\n\t\t\t\t\t\t\t\t\t<p>Un hotel situado estrat\u00e9gicamente en las inmediaciones en una de las zonas m\u00e1s excitantes y del desarrollo financiero o del atractivo centro hist\u00f3rico.\u00a0<\/p><p>Casa Mestiza es un lugar id\u00f3neo para desarrollar tu trabajo y\/o disfrutar de la perla de occidente<\/p>\t\t\t\t\t\t\t\t<\/div>\n\t\t\t\t<div class=\"elementor-element elementor-element-5596e9a elementor-widget elementor-widget-spacer\" data-id=\"5596e9a\" data-element_type=\"widget\" data-e-type=\"widget\" data-widget_type=\"spacer.default\">\n\t\t\t\t\t\t\t<div class=\"elementor-spacer\">\n\t\t\t<div class=\"elementor-spacer-inner\"><\/div>\n\t\t<\/div>\n\t\t\t\t\t\t<\/div>\n\t\t\t\t<\/div>\n\t\t<div class=\"elementor-element elementor-element-a0c2b86 e-con-full e-flex wpr-particle-no wpr-jarallax-no wpr-parallax-no wpr-sticky-section-no wpr-equal-height-no e-con e-child\" data-id=\"a0c2b86\" data-element_type=\"container\" data-e-type=\"container\" data-settings=\"{&quot;background_background&quot;:&quot;classic&quot;}\">\n\t\t\t\t<\/div>\n\t\t\t\t\t<\/div>\n\t\t\t\t<\/div>\n\t\t\t\t<\/div>\n\t\t","protected":false},"excerpt":{"rendered":"<p>Enclavada en el vibrante barrio de Sta. Teresita una casona de mediados del siglo pasado de nacimiento a \u00abHotel Casa Mestiza\u00bb Un hotel situado estrat\u00e9gicamente en las inmediaciones en una de las zonas m\u00e1s excitantes y del desarrollo financiero o del atractivo centro hist\u00f3rico.\u00a0 Casa Mestiza es un lugar id\u00f3neo para desarrollar tu trabajo y\/o disfrutar de la perla de occidente<\/p>\n","protected":false},"author":1,"featured_media":0,"parent":0,"menu_order":0,"comment_status":"closed","ping_status":"closed","template":"elementor_header_footer","meta":{"inline_featured_image":false,"footnotes":""},"class_list":["post-14","page","type-page","status-publish","hentry"],"yoast_head":"<!-- This site is optimized with the Yoast SEO plugin v27.4 - https:\/\/yoast.com\/product\/yoast-seo-wordpress\/ -->\n<title>Inicio - Hotel Casa Mestiza<\/title>\n<meta name=\"robots\" content=\"index, follow, max-snippet:-1, max-image-preview:large, max-video-preview:-1\" \/>\n<link rel=\"canonical\" href=\"https:\/\/www.hotelcasamestiza.com\/\" \/>\n<meta property=\"og:locale\" content=\"es_ES\" \/>\n<meta property=\"og:type\" content=\"article\" \/>\n<meta property=\"og:title\" content=\"Inicio - Hotel Casa Mestiza\" \/>\n<meta property=\"og:description\" content=\"Enclavada en el vibrante barrio de Sta. Teresita una casona de mediados del siglo pasado de nacimiento a \u00abHotel Casa Mestiza\u00bb Un hotel situado estrat\u00e9gicamente en las inmediaciones en una de las zonas m\u00e1s excitantes y del desarrollo financiero o del atractivo centro hist\u00f3rico.\u00a0 Casa Mestiza es un lugar id\u00f3neo para desarrollar tu trabajo y\/o disfrutar de la perla de occidente\" \/>\n<meta property=\"og:url\" content=\"https:\/\/www.hotelcasamestiza.com\/\" \/>\n<meta property=\"og:site_name\" content=\"Hotel Casa Mestiza\" \/>\n<meta property=\"article:modified_time\" content=\"2026-02-11T23:16:37+00:00\" \/>\n<meta name=\"twitter:card\" content=\"summary_large_image\" \/>\n<meta name=\"twitter:label1\" content=\"Tiempo de lectura\" \/>\n\t<meta name=\"twitter:data1\" content=\"1 minuto\" \/>\n<script type=\"application\/ld+json\" class=\"yoast-schema-graph\">{\"@context\":\"https:\\\/\\\/schema.org\",\"@graph\":[{\"@type\":\"WebPage\",\"@id\":\"https:\\\/\\\/www.hotelcasamestiza.com\\\/\",\"url\":\"https:\\\/\\\/www.hotelcasamestiza.com\\\/\",\"name\":\"Inicio - Hotel Casa Mestiza\",\"isPartOf\":{\"@id\":\"https:\\\/\\\/www.hotelcasamestiza.com\\\/#website\"},\"datePublished\":\"2025-12-16T20:26:43+00:00\",\"dateModified\":\"2026-02-11T23:16:37+00:00\",\"breadcrumb\":{\"@id\":\"https:\\\/\\\/www.hotelcasamestiza.com\\\/#breadcrumb\"},\"inLanguage\":\"es\",\"potentialAction\":[{\"@type\":\"ReadAction\",\"target\":[\"https:\\\/\\\/www.hotelcasamestiza.com\\\/\"]}]},{\"@type\":\"BreadcrumbList\",\"@id\":\"https:\\\/\\\/www.hotelcasamestiza.com\\\/#breadcrumb\",\"itemListElement\":[{\"@type\":\"ListItem\",\"position\":1,\"name\":\"Home\",\"item\":\"https:\\\/\\\/www.hotelcasamestiza.com\\\/\"},{\"@type\":\"ListItem\",\"position\":2,\"name\":\"Inicio\"}]},{\"@type\":\"WebSite\",\"@id\":\"https:\\\/\\\/www.hotelcasamestiza.com\\\/#website\",\"url\":\"https:\\\/\\\/www.hotelcasamestiza.com\\\/\",\"name\":\"Hotel Casa Mestiza\",\"description\":\"\",\"publisher\":{\"@id\":\"https:\\\/\\\/www.hotelcasamestiza.com\\\/#organization\"},\"potentialAction\":[{\"@type\":\"SearchAction\",\"target\":{\"@type\":\"EntryPoint\",\"urlTemplate\":\"https:\\\/\\\/www.hotelcasamestiza.com\\\/?s={search_term_string}\"},\"query-input\":{\"@type\":\"PropertyValueSpecification\",\"valueRequired\":true,\"valueName\":\"search_term_string\"}}],\"inLanguage\":\"es\"},{\"@type\":\"Organization\",\"@id\":\"https:\\\/\\\/www.hotelcasamestiza.com\\\/#organization\",\"name\":\"Hotel Casa Mestiza\",\"url\":\"https:\\\/\\\/www.hotelcasamestiza.com\\\/\",\"logo\":{\"@type\":\"ImageObject\",\"inLanguage\":\"es\",\"@id\":\"https:\\\/\\\/www.hotelcasamestiza.com\\\/#\\\/schema\\\/logo\\\/image\\\/\",\"url\":\"https:\\\/\\\/www.hotelcasamestiza.com\\\/wp-content\\\/uploads\\\/2025\\\/12\\\/cropped-cropped-VARIACIONES-LOGOTIPO-_251130_153219.pdf-1.png\",\"contentUrl\":\"https:\\\/\\\/www.hotelcasamestiza.com\\\/wp-content\\\/uploads\\\/2025\\\/12\\\/cropped-cropped-VARIACIONES-LOGOTIPO-_251130_153219.pdf-1.png\",\"width\":1998,\"height\":819,\"caption\":\"Hotel Casa Mestiza\"},\"image\":{\"@id\":\"https:\\\/\\\/www.hotelcasamestiza.com\\\/#\\\/schema\\\/logo\\\/image\\\/\"}}]}<\/script>\n<!-- \/ Yoast SEO plugin. -->","yoast_head_json":{"title":"Inicio - Hotel Casa Mestiza","robots":{"index":"index","follow":"follow","max-snippet":"max-snippet:-1","max-image-preview":"max-image-preview:large","max-video-preview":"max-video-preview:-1"},"canonical":"https:\/\/www.hotelcasamestiza.com\/","og_locale":"es_ES","og_type":"article","og_title":"Inicio - Hotel Casa Mestiza","og_description":"Enclavada en el vibrante barrio de Sta. Teresita una casona de mediados del siglo pasado de nacimiento a \u00abHotel Casa Mestiza\u00bb Un hotel situado estrat\u00e9gicamente en las inmediaciones en una de las zonas m\u00e1s excitantes y del desarrollo financiero o del atractivo centro hist\u00f3rico.\u00a0 Casa Mestiza es un lugar id\u00f3neo para desarrollar tu trabajo y\/o disfrutar de la perla de occidente","og_url":"https:\/\/www.hotelcasamestiza.com\/","og_site_name":"Hotel Casa Mestiza","article_modified_time":"2026-02-11T23:16:37+00:00","twitter_card":"summary_large_image","twitter_misc":{"Tiempo de lectura":"1 minuto"},"schema":{"@context":"https:\/\/schema.org","@graph":[{"@type":"WebPage","@id":"https:\/\/www.hotelcasamestiza.com\/","url":"https:\/\/www.hotelcasamestiza.com\/","name":"Inicio - Hotel Casa Mestiza","isPartOf":{"@id":"https:\/\/www.hotelcasamestiza.com\/#website"},"datePublished":"2025-12-16T20:26:43+00:00","dateModified":"2026-02-11T23:16:37+00:00","breadcrumb":{"@id":"https:\/\/www.hotelcasamestiza.com\/#breadcrumb"},"inLanguage":"es","potentialAction":[{"@type":"ReadAction","target":["https:\/\/www.hotelcasamestiza.com\/"]}]},{"@type":"BreadcrumbList","@id":"https:\/\/www.hotelcasamestiza.com\/#breadcrumb","itemListElement":[{"@type":"ListItem","position":1,"name":"Home","item":"https:\/\/www.hotelcasamestiza.com\/"},{"@type":"ListItem","position":2,"name":"Inicio"}]},{"@type":"WebSite","@id":"https:\/\/www.hotelcasamestiza.com\/#website","url":"https:\/\/www.hotelcasamestiza.com\/","name":"Hotel Casa Mestiza","description":"","publisher":{"@id":"https:\/\/www.hotelcasamestiza.com\/#organization"},"potentialAction":[{"@type":"SearchAction","target":{"@type":"EntryPoint","urlTemplate":"https:\/\/www.hotelcasamestiza.com\/?s={search_term_string}"},"query-input":{"@type":"PropertyValueSpecification","valueRequired":true,"valueName":"search_term_string"}}],"inLanguage":"es"},{"@type":"Organization","@id":"https:\/\/www.hotelcasamestiza.com\/#organization","name":"Hotel Casa Mestiza","url":"https:\/\/www.hotelcasamestiza.com\/","logo":{"@type":"ImageObject","inLanguage":"es","@id":"https:\/\/www.hotelcasamestiza.com\/#\/schema\/logo\/image\/","url":"https:\/\/www.hotelcasamestiza.com\/wp-content\/uploads\/2025\/12\/cropped-cropped-VARIACIONES-LOGOTIPO-_251130_153219.pdf-1.png","contentUrl":"https:\/\/www.hotelcasamestiza.com\/wp-content\/uploads\/2025\/12\/cropped-cropped-VARIACIONES-LOGOTIPO-_251130_153219.pdf-1.png","width":1998,"height":819,"caption":"Hotel Casa Mestiza"},"image":{"@id":"https:\/\/www.hotelcasamestiza.com\/#\/schema\/logo\/image\/"}}]}},"_links":{"self":[{"href":"https:\/\/www.hotelcasamestiza.com\/index.php?rest_route=\/wp\/v2\/pages\/14","targetHints":{"allow":["GET"]}}],"collection":[{"href":"https:\/\/www.hotelcasamestiza.com\/index.php?rest_route=\/wp\/v2\/pages"}],"about":[{"href":"https:\/\/www.hotelcasamestiza.com\/index.php?rest_route=\/wp\/v2\/types\/page"}],"author":[{"embeddable":true,"href":"https:\/\/www.hotelcasamestiza.com\/index.php?rest_route=\/wp\/v2\/users\/1"}],"replies":[{"embeddable":true,"href":"https:\/\/www.hotelcasamestiza.com\/index.php?rest_route=%2Fwp%2Fv2%2Fcomments&post=14"}],"version-history":[{"count":53,"href":"https:\/\/www.hotelcasamestiza.com\/index.php?rest_route=\/wp\/v2\/pages\/14\/revisions"}],"predecessor-version":[{"id":683,"href":"https:\/\/www.hotelcasamestiza.com\/index.php?rest_route=\/wp\/v2\/pages\/14\/revisions\/683"}],"wp:attachment":[{"href":"https:\/\/www.hotelcasamestiza.com\/index.php?rest_route=%2Fwp%2Fv2%2Fmedia&parent=14"}],"curies":[{"name":"wp","href":"https:\/\/api.w.org\/{rel}","templated":true}]}}